{"id":10,"date":"2022-11-23T10:48:11","date_gmt":"2022-11-23T10:48:11","guid":{"rendered":"https:\/\/handball-hagenbach.de\/?page_id=10"},"modified":"2022-11-23T14:04:47","modified_gmt":"2022-11-23T14:04:47","slug":"impressum","status":"publish","type":"page","link":"https:\/\/handball-hagenbach.de\/?page_id=10","title":{"rendered":"Impressum"},"content":{"rendered":"\n<h2 class=\"wp-block-heading\">Vereinsname<\/h2>\n\n\n\n<p>Turnverein Hagenbach 1902 e.V.<\/p>\n\n\n\n<h2 class=\"wp-block-heading\">Anschrift<\/h2>\n\n\n\n<p>TV Hagenbach 1902 e.V.<br>Peter Heilmann<br>Lindelbrunnstr. 12<br>76767 Hagenbach<br>Telefon: 07273-1558<br>Email: peter.heilmann@tv-hagenbach.de<\/p>\n\n\n\n<h2 class=\"wp-block-heading\">Vereinsregister<\/h2>\n\n\n\n<p>keine Angaben<\/p>\n\n\n\n<h2 class=\"wp-block-heading\">Registernummer<\/h2>\n\n\n\n<p>keine Angaben<\/p>\n\n\n\n<h2 class=\"wp-block-heading\">Verantwortlich f\u00fcr die Website<\/h2>\n\n\n\n<p>Peter Heilmann<\/p>\n\n\n\n<h2 class=\"wp-block-heading\">Haftungsausschlu\u00df<\/h2>\n\n\n\n<p>Der TV Hagenbach 1902 e.V. ist bem\u00fcht, f\u00fcr die Richtigkeit und Aktualit\u00e4t aller auf der Webseite enthaltenen Informationen und Daten zu sorgen.<br>Wir \u00fcbernehmen jedoch keinerlei Gew\u00e4hr f\u00fcr die Aktualit\u00e4t, Korrektheit, Vollst\u00e4ndigkeit oder Qualit\u00e4t der bereitgestellten Informationen. Haftungsanspr\u00fcche gegen den Verein oder die Autoren, welche sich auf Sch\u00e4den materieller oder ideeller Art beziehen, die durch die Nutzung oder Nichtnutzung der dargebotenen Informationen bzw. durch die Nutzung fehlerhafter und unvollst\u00e4ndiger Informationen verursacht wurden, sind grunds\u00e4tzlich ausgeschlossen, sofern seitens des Vereins oder der Autoren kein nachweislich vors\u00e4tzliches oder grob fahrl\u00e4ssiges Verschulden vorliegt.<br>Der Verein beh\u00e4lt es sich ausdr\u00fccklich vor, Teile der Seiten oder das gesamte Angebot ohne gesonderte Ank\u00fcndigung zu ver\u00e4ndern, zu erg\u00e4nzen, zu l\u00f6schen oder die Ver\u00f6ffentlichung zeitweise oder endg\u00fcltig einzustellen.<\/p>\n\n\n\n<h2 class=\"wp-block-heading\">Urheber- und Kennzeichenrecht<\/h2>\n\n\n\n<p>Der Inhalt der Web-Seiten der Turnabteilung TV Hagenbach 1902 e.V. ist urheberrechtlich gesch\u00fctzt.<br>Vervielf\u00e4ltigungen und sonstige Verwertungen von Informationen oder Daten, insbesondere Verwendung von Texten, Textteilen oder Bildmaterial bed\u00fcrfen, soweit nicht ausdr\u00fccklich anders vermerkt, der vorherigen Zustimmung des Vereins. Wir sind bestrebt, in allen Publikationen die Urheberrechte der verwendeten Grafiken und Texte zu beachten, selbst erstellte Grafiken und Texte zu nutzen oder auf lizenzfreie Grafiken und Texte zur\u00fcckzugreifen.<br>Alle innerhalb des Internetangebotes genannten und ggf. durch Dritte gesch\u00fctzten Marken- und Warenzeichen unterliegen uneingeschr\u00e4nkt den Bestimmungen des jeweils g\u00fcltigen Kennzeichenrechts und den Besitzrechten der jeweiligen eingetragenen Eigent\u00fcmer. Allein aufgrund der blo\u00dfen Nennung ist nicht der Schluss zu ziehen, dass Markenzeichen nicht durch Rechte Dritter gesch\u00fctzt sind!<\/p>\n\n\n\n<h2 class=\"wp-block-heading\">Verweise und Links<\/h2>\n\n\n\n<p>Bei direkten oder indirekten Verweisen auf fremde Webseiten (&#8220;Hyperlinks&#8221;), die au\u00dferhalb des Verantwortungsbereiches des TV Hagenbach 1902 e.V liegen, w\u00fcrde eine Haftungsverpflichtung ausschlie\u00dflich in dem Fall in Kraft treten, in dem der Verein von den Inhalten Kenntnis hat und es ihr technisch m\u00f6glich und zumutbar w\u00e4re, die Nutzung im Falle rechtswidriger Inhalte zu verhindern.<br>Der TV Hagenbach 1902 e.V erkl\u00e4rt hiermit ausdr\u00fccklich, dass zum Zeitpunkt der Linksetzung keine illegalen Inhalte auf den zu verlinkenden Seiten erkennbar waren. Auf die aktuelle und zuk\u00fcnftige Gestaltung, die Inhalte oder die Urheberschaft der gelinkten\/verkn\u00fcpften Seiten hat der Verein keinerlei Einfluss. Deshalb distanziert er sich hiermit ausdr\u00fccklich von allen Inhalten aller gelinkten \/verkn\u00fcpften Seiten, die nach der Linksetzung ver\u00e4ndert wurden. Diese Feststellung gilt f\u00fcr alle innerhalb des eigenen Internetangebotes gesetzten Links und Verweise sowie f\u00fcr Fremdeintr\u00e4ge in dem eingerichteten G\u00e4stebuch. F\u00fcr illegale, fehlerhafte oder unvollst\u00e4ndige Inhalte und insbesondere f\u00fcr Sch\u00e4den, die aus der Nutzung oder Nichtnutzung solcherart dargebotener Informationen entstehen, haftet allein der Anbieter der Seite, auf welche verwiesen wurde, nicht derjenige, der \u00fcber Links auf die jeweilige Ver\u00f6ffentlichung lediglich verweist.<\/p>\n\n\n\n<h2 class=\"wp-block-heading\">Rechtswirksamkeit dieses Haftungsausschlusses<\/h2>\n\n\n\n<p>Dieser Haftungsausschluss gilt f\u00fcr den gesamten Internetauftritt des TV Hagenbach 1902 e.V. Sofern Teile oder einzelne Formulierungen dieses Textes der geltenden Rechtslage nicht, nicht mehr oder nicht vollst\u00e4ndig entsprechen sollten, bleiben die \u00fcbrigen Teile des Dokumentes in ihrem Inhalt und ihrer G\u00fcltigkeit davon unber\u00fchrt.<\/p>\n\n\n\n<p>\u00a9 TV Hagenbach 1902 e.V.<\/p>\n\n\n<div class=\"wp-block-image\">\n<figure class=\"aligncenter size-large is-resized\"><img loading=\"lazy\" decoding=\"async\" src=\"https:\/\/handball-hagenbach.de\/wp-content\/uploads\/2022\/11\/TVH-Handball-Logo-1438x1438-96dpi-1024x1024.png\" alt=\"\" class=\"wp-image-45\" width=\"256\" height=\"256\" srcset=\"https:\/\/handball-hagenbach.de\/wp-content\/uploads\/2022\/11\/TVH-Handball-Logo-1438x1438-96dpi-1024x1024.png 1024w, https:\/\/handball-hagenbach.de\/wp-content\/uploads\/2022\/11\/TVH-Handball-Logo-1438x1438-96dpi-150x150.png 150w, https:\/\/handball-hagenbach.de\/wp-content\/uploads\/2022\/11\/TVH-Handball-Logo-1438x1438-96dpi-300x300.png 300w, https:\/\/handball-hagenbach.de\/wp-content\/uploads\/2022\/11\/TVH-Handball-Logo-1438x1438-96dpi-768x768.png 768w, https:\/\/handball-hagenbach.de\/wp-content\/uploads\/2022\/11\/TVH-Handball-Logo-1438x1438-96dpi-800x800.png 800w, https:\/\/handball-hagenbach.de\/wp-content\/uploads\/2022\/11\/TVH-Handball-Logo-1438x1438-96dpi-1200x1200.png 1200w, https:\/\/handball-hagenbach.de\/wp-content\/uploads\/2022\/11\/TVH-Handball-Logo-1438x1438-96dpi.png 1438w\" sizes=\"auto, (max-width: 256px) 100vw, 256px\" \/><\/figure><\/div>","protected":false},"excerpt":{"rendered":"<p>Vereinsname Turnverein Hagenbach 1902 e.V. Anschrift TV Hagenbach 1902 e.V.Peter HeilmannLindelbrunnstr. 1276767 HagenbachTelefon: 07273-1558Email: peter.heilmann@tv-hagenbach.de Vereinsregister keine Angaben Registernummer keine Angaben Verantwortlich f\u00fcr die Website Peter Heilmann Haftungsausschlu\u00df Der TV [&hellip;]<\/p>\n","protected":false},"author":1,"featured_media":0,"parent":0,"menu_order":0,"comment_status":"closed","ping_status":"closed","template":"","meta":{"footnotes":""},"class_list":["post-10","page","type-page","status-publish","hentry"],"_links":{"self":[{"href":"https:\/\/handball-hagenbach.de\/index.php?rest_route=\/wp\/v2\/pages\/10","targetHints":{"allow":["GET"]}}],"collection":[{"href":"https:\/\/handball-hagenbach.de\/index.php?rest_route=\/wp\/v2\/pages"}],"about":[{"href":"https:\/\/handball-hagenbach.de\/index.php?rest_route=\/wp\/v2\/types\/page"}],"author":[{"embeddable":true,"href":"https:\/\/handball-hagenbach.de\/index.php?rest_route=\/wp\/v2\/users\/1"}],"replies":[{"embeddable":true,"href":"https:\/\/handball-hagenbach.de\/index.php?rest_route=%2Fwp%2Fv2%2Fcomments&post=10"}],"version-history":[{"count":0,"href":"https:\/\/handball-hagenbach.de\/index.php?rest_route=\/wp\/v2\/pages\/10\/revisions"}],"wp:attachment":[{"href":"https:\/\/handball-hagenbach.de\/index.php?rest_route=%2Fwp%2Fv2%2Fmedia&parent=10"}],"curies":[{"name":"wp","href":"https:\/\/api.w.org\/{rel}","templated":true}]}}