{"id":25,"date":"2022-11-23T11:44:53","date_gmt":"2022-11-23T11:44:53","guid":{"rendered":"https:\/\/handball-hagenbach.de\/?page_id=25"},"modified":"2025-09-12T11:21:07","modified_gmt":"2025-09-12T11:21:07","slug":"aktuelles","status":"publish","type":"page","link":"https:\/\/handball-hagenbach.de\/?page_id=25","title":{"rendered":"Aktuelles"},"content":{"rendered":"<ul class=\"wp-block-latest-posts__list has-dates wp-block-latest-posts\"><li><div class=\"wp-block-latest-posts__featured-image\"><img loading=\"lazy\" decoding=\"async\" width=\"300\" height=\"135\" src=\"https:\/\/handball-hagenbach.de\/wp-content\/uploads\/2025\/09\/1758515668387-300x135.jpg\" class=\"attachment-medium size-medium wp-post-image\" alt=\"\" style=\"max-width:300px;max-height:300px;\" srcset=\"https:\/\/handball-hagenbach.de\/wp-content\/uploads\/2025\/09\/1758515668387-300x135.jpg 300w, https:\/\/handball-hagenbach.de\/wp-content\/uploads\/2025\/09\/1758515668387-1024x461.jpg 1024w, https:\/\/handball-hagenbach.de\/wp-content\/uploads\/2025\/09\/1758515668387-768x346.jpg 768w, https:\/\/handball-hagenbach.de\/wp-content\/uploads\/2025\/09\/1758515668387-1536x691.jpg 1536w, https:\/\/handball-hagenbach.de\/wp-content\/uploads\/2025\/09\/1758515668387-2048x922.jpg 2048w\" sizes=\"auto, (max-width: 300px) 100vw, 300px\" \/><\/div><a class=\"wp-block-latest-posts__post-title\" href=\"https:\/\/handball-hagenbach.de\/?p=433\">Abenteuer im Piratencamp<\/a><time datetime=\"\" class=\"wp-block-latest-posts__post-date\"><\/time><div class=\"wp-block-latest-posts__post-excerpt\">Am 20. und 21. September verwandelten sich die kleinen Handballpiraten und die Kinder vom Jugendzentrum in eine schillernde Bande von Abenteurern, die bereit waren, die Geheimnisse der hohe See zu erkunden. Bei strahlendem Sonnenschein trafen die jungen Matrosen am Samstagmittag ein und es begann sofort das gro\u00dfe Abenteuer: Der Aufbau ihres Zeltquartiers! Mit viel Geschick\u2026\u00a0<a class=\"wp-block-latest-posts__read-more\" href=\"https:\/\/handball-hagenbach.de\/?p=433\" rel=\"noopener noreferrer\"><span class=\"screen-reader-text\">Abenteuer im Piratencamp <\/span>weiterlesen<\/a><\/div><\/li>\n<li><div class=\"wp-block-latest-posts__featured-image\"><img loading=\"lazy\" decoding=\"async\" width=\"300\" height=\"225\" src=\"https:\/\/handball-hagenbach.de\/wp-content\/uploads\/2025\/09\/1757606113546-300x225.jpg\" class=\"attachment-medium size-medium wp-post-image\" alt=\"\" style=\"max-width:300px;max-height:300px;\" srcset=\"https:\/\/handball-hagenbach.de\/wp-content\/uploads\/2025\/09\/1757606113546-300x225.jpg 300w, https:\/\/handball-hagenbach.de\/wp-content\/uploads\/2025\/09\/1757606113546-1024x768.jpg 1024w, https:\/\/handball-hagenbach.de\/wp-content\/uploads\/2025\/09\/1757606113546-768x576.jpg 768w, https:\/\/handball-hagenbach.de\/wp-content\/uploads\/2025\/09\/1757606113546-1536x1152.jpg 1536w, https:\/\/handball-hagenbach.de\/wp-content\/uploads\/2025\/09\/1757606113546.jpg 2048w\" sizes=\"auto, (max-width: 300px) 100vw, 300px\" \/><\/div><a class=\"wp-block-latest-posts__post-title\" href=\"https:\/\/handball-hagenbach.de\/?p=427\">Baumpflanzaktion des TV-Hagenbach: Ein gr\u00fcner Beitrag f\u00fcr die Zukunft<\/a><time datetime=\"\" class=\"wp-block-latest-posts__post-date\"><\/time><div class=\"wp-block-latest-posts__post-excerpt\">Am Donnerstag, dem 11. September 2025, traten die Handballkinder des TV-Hagenbach einer spannenden Herausforderung entgegen: der Baumpflanz-Challenge! F\u00fcr diese Aktion wurde vom Verein f\u00fcr Volksmusik und Brauchtum nominiert und stellte die Vereinsmitglieder vor die Wahl, innerhalb von acht Tagen einen Baum zu pflanzen oder den Verein zum Grillen einzuladen. Nach intensiver Suche nach einem geeigneten\u2026\u00a0<a class=\"wp-block-latest-posts__read-more\" href=\"https:\/\/handball-hagenbach.de\/?p=427\" rel=\"noopener noreferrer\"><span class=\"screen-reader-text\">Baumpflanzaktion des TV-Hagenbach: Ein gr\u00fcner Beitrag f\u00fcr die Zukunft <\/span>weiterlesen<\/a><\/div><\/li>\n<li><div class=\"wp-block-latest-posts__featured-image\"><img loading=\"lazy\" decoding=\"async\" width=\"300\" height=\"135\" src=\"https:\/\/handball-hagenbach.de\/wp-content\/uploads\/2025\/09\/1757372388023-300x135.jpg\" class=\"attachment-medium size-medium wp-post-image\" alt=\"\" style=\"max-width:300px;max-height:300px;\" srcset=\"https:\/\/handball-hagenbach.de\/wp-content\/uploads\/2025\/09\/1757372388023-300x135.jpg 300w, https:\/\/handball-hagenbach.de\/wp-content\/uploads\/2025\/09\/1757372388023-1024x461.jpg 1024w, https:\/\/handball-hagenbach.de\/wp-content\/uploads\/2025\/09\/1757372388023-768x346.jpg 768w, https:\/\/handball-hagenbach.de\/wp-content\/uploads\/2025\/09\/1757372388023-1536x691.jpg 1536w, https:\/\/handball-hagenbach.de\/wp-content\/uploads\/2025\/09\/1757372388023-2048x922.jpg 2048w\" sizes=\"auto, (max-width: 300px) 100vw, 300px\" \/><\/div><a class=\"wp-block-latest-posts__post-title\" href=\"https:\/\/handball-hagenbach.de\/?p=420\">Montagsgruppe in Berg<\/a><time datetime=\"\" class=\"wp-block-latest-posts__post-date\"><\/time><div class=\"wp-block-latest-posts__post-excerpt\">Training f\u00fcr Jahrgang 2017 \u2013 2020Gemeinschaftshalle Berg \u00b7 16:45 \u2013 17:45 Uhr<\/div><\/li>\n<li><div class=\"wp-block-latest-posts__featured-image\"><img loading=\"lazy\" decoding=\"async\" width=\"300\" height=\"135\" src=\"https:\/\/handball-hagenbach.de\/wp-content\/uploads\/2025\/05\/1747014773563-1-300x135.jpg\" class=\"attachment-medium size-medium wp-post-image\" alt=\"\" style=\"max-width:300px;max-height:300px;\" srcset=\"https:\/\/handball-hagenbach.de\/wp-content\/uploads\/2025\/05\/1747014773563-1-300x135.jpg 300w, https:\/\/handball-hagenbach.de\/wp-content\/uploads\/2025\/05\/1747014773563-1-768x346.jpg 768w, https:\/\/handball-hagenbach.de\/wp-content\/uploads\/2025\/05\/1747014773563-1-1024x461.jpg 1024w, https:\/\/handball-hagenbach.de\/wp-content\/uploads\/2025\/05\/1747014773563-1-1536x691.jpg 1536w, https:\/\/handball-hagenbach.de\/wp-content\/uploads\/2025\/05\/1747014773563-1-2048x922.jpg 2048w\" sizes=\"auto, (max-width: 300px) 100vw, 300px\" \/><\/div><a class=\"wp-block-latest-posts__post-title\" href=\"https:\/\/handball-hagenbach.de\/?p=267\">Bericht \u00fcber die Teilnahme der Handballkinder an der 34. Badischen Meile<\/a><time datetime=\"\" class=\"wp-block-latest-posts__post-date\"><\/time><div class=\"wp-block-latest-posts__post-excerpt\">Am Samstag, den 10. Mai 2025, vertraten sechs talentierte Handballkinder aus der Stadt Hagenbach die Region bei der 34. Badischen Meile in Karlsruhe. Der Tag war gepr\u00e4gt von sportlichen H\u00f6chstleistungen und gro\u00dfem Teamgeist. In der Gruppe der Minis weiblich (Jahrgang 2020) startete Zoe und erzielte dabei einen hervorragenden 2. Platz unter insgesamt 65 Teilnehmerinnen ihres\u2026\u00a0<a class=\"wp-block-latest-posts__read-more\" href=\"https:\/\/handball-hagenbach.de\/?p=267\" rel=\"noopener noreferrer\"><span class=\"screen-reader-text\">Bericht \u00fcber die Teilnahme der Handballkinder an der 34. Badischen Meile <\/span>weiterlesen<\/a><\/div><\/li>\n<li><div class=\"wp-block-latest-posts__featured-image\"><img loading=\"lazy\" decoding=\"async\" width=\"300\" height=\"169\" src=\"https:\/\/handball-hagenbach.de\/wp-content\/uploads\/2025\/05\/1746750576592-300x169.jpg\" class=\"attachment-medium size-medium wp-post-image\" alt=\"\" style=\"max-width:300px;max-height:300px;\" srcset=\"https:\/\/handball-hagenbach.de\/wp-content\/uploads\/2025\/05\/1746750576592-300x169.jpg 300w, https:\/\/handball-hagenbach.de\/wp-content\/uploads\/2025\/05\/1746750576592-768x432.jpg 768w, https:\/\/handball-hagenbach.de\/wp-content\/uploads\/2025\/05\/1746750576592-1024x577.jpg 1024w, https:\/\/handball-hagenbach.de\/wp-content\/uploads\/2025\/05\/1746750576592-1536x865.jpg 1536w, https:\/\/handball-hagenbach.de\/wp-content\/uploads\/2025\/05\/1746750576592-800x450.jpg 800w, https:\/\/handball-hagenbach.de\/wp-content\/uploads\/2025\/05\/1746750576592-1600x900.jpg 1600w, https:\/\/handball-hagenbach.de\/wp-content\/uploads\/2025\/05\/1746750576592.jpg 2000w\" sizes=\"auto, (max-width: 300px) 100vw, 300px\" \/><\/div><a class=\"wp-block-latest-posts__post-title\" href=\"https:\/\/handball-hagenbach.de\/?p=259\">**2. Ballolympiade im Seniorenheim Hagenbach**<\/a><time datetime=\"\" class=\"wp-block-latest-posts__post-date\"><\/time><div class=\"wp-block-latest-posts__post-excerpt\">Am 08. Mai 2025 war es endlich wieder so weit: die 2. Ballolympiade fand im Seniorenheim in Hagenbach statt. Die Handball Minis traten gegen die Senioren an, die im vergangenen Jahr als strahlende Sieger hervorgegangen waren. Motiviert und voller Elan wollten die Kinder in diesem Jahr den Siegerpokal nach Hause holen. Wie im Vorjahr wurden\u2026\u00a0<a class=\"wp-block-latest-posts__read-more\" href=\"https:\/\/handball-hagenbach.de\/?p=259\" rel=\"noopener noreferrer\"><span class=\"screen-reader-text\">**2. Ballolympiade im Seniorenheim Hagenbach** <\/span>weiterlesen<\/a><\/div><\/li>\n<li><div class=\"wp-block-latest-posts__featured-image\"><img loading=\"lazy\" decoding=\"async\" width=\"300\" height=\"300\" src=\"https:\/\/handball-hagenbach.de\/wp-content\/uploads\/2022\/11\/cropped-TVH-Handball-Logo-1438x1438-96dpi-300x300.png\" class=\"attachment-medium size-medium wp-post-image\" alt=\"\" style=\"max-width:300px;max-height:300px;\" srcset=\"https:\/\/handball-hagenbach.de\/wp-content\/uploads\/2022\/11\/cropped-TVH-Handball-Logo-1438x1438-96dpi-300x300.png 300w, https:\/\/handball-hagenbach.de\/wp-content\/uploads\/2022\/11\/cropped-TVH-Handball-Logo-1438x1438-96dpi-800x800.png 800w, https:\/\/handball-hagenbach.de\/wp-content\/uploads\/2022\/11\/cropped-TVH-Handball-Logo-1438x1438-96dpi-150x150.png 150w, https:\/\/handball-hagenbach.de\/wp-content\/uploads\/2022\/11\/cropped-TVH-Handball-Logo-1438x1438-96dpi-768x768.png 768w, https:\/\/handball-hagenbach.de\/wp-content\/uploads\/2022\/11\/cropped-TVH-Handball-Logo-1438x1438-96dpi-1024x1024.png 1024w, https:\/\/handball-hagenbach.de\/wp-content\/uploads\/2022\/11\/cropped-TVH-Handball-Logo-1438x1438-96dpi.png 1438w\" sizes=\"auto, (max-width: 300px) 100vw, 300px\" \/><\/div><a class=\"wp-block-latest-posts__post-title\" href=\"https:\/\/handball-hagenbach.de\/?p=219\">Jugendfreizeit vom 21. &#8211; 23. Juni 2024 zusammen mit der Akkordeon-Jugend Neuburg<\/a><time datetime=\"\" class=\"wp-block-latest-posts__post-date\"><\/time><div class=\"wp-block-latest-posts__post-excerpt\">Abfahrt:&nbsp;&nbsp;&nbsp;&nbsp;&nbsp;&nbsp; 21. Mai 2024, 17:00 Uhr am Parkplatz von der Grundschule HagenbachR\u00fcckkehr:&nbsp; 23. Mai 2024, ca.12:00 Uhr am Parkplatz von der Grundschule Hagenbach Wir verbringen das Wochenende im Dekanatsjugendheim Lindelbrunn bei Vorderweidenthal. Die Betreuer, Gerd David (der Musiklehrer) und Eva-Maria David (die Frau dazu), sowie Ines Hernando sorgen unter anderem f\u00fcr die Hin- und R\u00fcckfahrt\u2026\u00a0<a class=\"wp-block-latest-posts__read-more\" href=\"https:\/\/handball-hagenbach.de\/?p=219\" rel=\"noopener noreferrer\"><span class=\"screen-reader-text\">Jugendfreizeit vom 21. &#8211; 23. Juni 2024 zusammen mit der Akkordeon-Jugend Neuburg <\/span>weiterlesen<\/a><\/div><\/li>\n<li><div class=\"wp-block-latest-posts__featured-image\"><img loading=\"lazy\" decoding=\"async\" width=\"300\" height=\"300\" src=\"https:\/\/handball-hagenbach.de\/wp-content\/uploads\/2023\/03\/cropped-TVH-Handball-Logo-717x717-96dpi-300x300-1-300x300.png\" class=\"attachment-medium size-medium wp-post-image\" alt=\"\" style=\"max-width:300px;max-height:300px;\" srcset=\"https:\/\/handball-hagenbach.de\/wp-content\/uploads\/2023\/03\/cropped-TVH-Handball-Logo-717x717-96dpi-300x300-1-300x300.png 300w, https:\/\/handball-hagenbach.de\/wp-content\/uploads\/2023\/03\/cropped-TVH-Handball-Logo-717x717-96dpi-300x300-1-150x150.png 150w, https:\/\/handball-hagenbach.de\/wp-content\/uploads\/2023\/03\/cropped-TVH-Handball-Logo-717x717-96dpi-300x300-1-250x250.png 250w, https:\/\/handball-hagenbach.de\/wp-content\/uploads\/2023\/03\/cropped-TVH-Handball-Logo-717x717-96dpi-300x300-1-270x270.png 270w, https:\/\/handball-hagenbach.de\/wp-content\/uploads\/2023\/03\/cropped-TVH-Handball-Logo-717x717-96dpi-300x300-1-192x192.png 192w, https:\/\/handball-hagenbach.de\/wp-content\/uploads\/2023\/03\/cropped-TVH-Handball-Logo-717x717-96dpi-300x300-1-180x180.png 180w, https:\/\/handball-hagenbach.de\/wp-content\/uploads\/2023\/03\/cropped-TVH-Handball-Logo-717x717-96dpi-300x300-1-32x32.png 32w, https:\/\/handball-hagenbach.de\/wp-content\/uploads\/2023\/03\/cropped-TVH-Handball-Logo-717x717-96dpi-300x300-1.png 512w\" sizes=\"auto, (max-width: 300px) 100vw, 300px\" \/><\/div><a class=\"wp-block-latest-posts__post-title\" href=\"https:\/\/handball-hagenbach.de\/?p=217\">Einladung zur Informationsveranstaltung zur Zukunft des Handballs in Hagenbach \u2013 07.06.2024 \u2013 19:30 Uhr<\/a><time datetime=\"\" class=\"wp-block-latest-posts__post-date\"><\/time><div class=\"wp-block-latest-posts__post-excerpt\">Liebe Eltern, Freunde-\/innen, Unterst\u00fctzer-\/innen, wir m\u00f6chten gerne mit Euch eine Infoveranstaltung zur Zukunft des Handballsports in Hagenbach durchf\u00fchren. Aktuell ist es so, dass wir aufgrund der sehr guten Zusammenarbeit mit unseren Handballfreunden des TSV Kandel in der kommenden Runde 12 Mannschaften in der Spielgemeinschaft haben. Es ist unser Bestreben, dass in der Saison 2024\/25 in\u2026\u00a0<a class=\"wp-block-latest-posts__read-more\" href=\"https:\/\/handball-hagenbach.de\/?p=217\" rel=\"noopener noreferrer\"><span class=\"screen-reader-text\">Einladung zur Informationsveranstaltung zur Zukunft des Handballs in Hagenbach \u2013 07.06.2024 \u2013 19:30 Uhr <\/span>weiterlesen<\/a><\/div><\/li>\n<li><div class=\"wp-block-latest-posts__featured-image\"><img loading=\"lazy\" decoding=\"async\" width=\"225\" height=\"300\" src=\"https:\/\/handball-hagenbach.de\/wp-content\/uploads\/2024\/05\/IMG-20240507-WA0001-225x300.jpg\" class=\"attachment-medium size-medium wp-post-image\" alt=\"\" style=\"max-width:300px;max-height:300px;\" srcset=\"https:\/\/handball-hagenbach.de\/wp-content\/uploads\/2024\/05\/IMG-20240507-WA0001-225x300.jpg 225w, https:\/\/handball-hagenbach.de\/wp-content\/uploads\/2024\/05\/IMG-20240507-WA0001-768x1024.jpg 768w, https:\/\/handball-hagenbach.de\/wp-content\/uploads\/2024\/05\/IMG-20240507-WA0001-1152x1536.jpg 1152w, https:\/\/handball-hagenbach.de\/wp-content\/uploads\/2024\/05\/IMG-20240507-WA0001.jpg 1200w\" sizes=\"auto, (max-width: 225px) 100vw, 225px\" \/><\/div><a class=\"wp-block-latest-posts__post-title\" href=\"https:\/\/handball-hagenbach.de\/?p=212\">Einlaufkinder bei der Europameisterschaft der Geh\u00f6rlosen in Frankenthal<\/a><time datetime=\"\" class=\"wp-block-latest-posts__post-date\"><\/time><div class=\"wp-block-latest-posts__post-excerpt\"><\/div><\/li>\n<li><div class=\"wp-block-latest-posts__featured-image\"><img loading=\"lazy\" decoding=\"async\" width=\"135\" height=\"300\" src=\"https:\/\/handball-hagenbach.de\/wp-content\/uploads\/2024\/04\/1712889704281-135x300.jpg\" class=\"attachment-medium size-medium wp-post-image\" alt=\"\" style=\"max-width:300px;max-height:300px;\" srcset=\"https:\/\/handball-hagenbach.de\/wp-content\/uploads\/2024\/04\/1712889704281-135x300.jpg 135w, https:\/\/handball-hagenbach.de\/wp-content\/uploads\/2024\/04\/1712889704281-768x1707.jpg 768w, https:\/\/handball-hagenbach.de\/wp-content\/uploads\/2024\/04\/1712889704281-461x1024.jpg 461w, https:\/\/handball-hagenbach.de\/wp-content\/uploads\/2024\/04\/1712889704281-691x1536.jpg 691w, https:\/\/handball-hagenbach.de\/wp-content\/uploads\/2024\/04\/1712889704281-922x2048.jpg 922w, https:\/\/handball-hagenbach.de\/wp-content\/uploads\/2024\/04\/1712889704281-scaled.jpg 1728w\" sizes=\"auto, (max-width: 135px) 100vw, 135px\" \/><\/div><a class=\"wp-block-latest-posts__post-title\" href=\"https:\/\/handball-hagenbach.de\/?p=196\">Uff de Gass vum Seniorenheim in Hachebach war was los<\/a><time datetime=\"\" class=\"wp-block-latest-posts__post-date\"><\/time><div class=\"wp-block-latest-posts__post-excerpt\">Am 11.04.2024 fand bei tollem Wetter die 1. Ballolympiade in Hagenbach statt. Gemeinsam erlebten die Senioren vom Altersheim Hagenbach und die Kinder aus der Ballschule von der Handballabteilung des TV Hagenbach bei sch\u00f6nem Wetter einen aufregenden, unvergesslichen, geselligen und sportlichen Nachmittag. P\u00fcnktlich um 16.00 Uhr begannen die Olympischen Spiele. 5 verschiedene Disziplinen warteten auf die\u2026\u00a0<a class=\"wp-block-latest-posts__read-more\" href=\"https:\/\/handball-hagenbach.de\/?p=196\" rel=\"noopener noreferrer\"><span class=\"screen-reader-text\">Uff de Gass vum Seniorenheim in Hachebach war was los <\/span>weiterlesen<\/a><\/div><\/li>\n<li><div class=\"wp-block-latest-posts__featured-image\"><img loading=\"lazy\" decoding=\"async\" width=\"300\" height=\"188\" src=\"https:\/\/handball-hagenbach.de\/wp-content\/uploads\/2024\/04\/image-300x188.png\" class=\"attachment-medium size-medium wp-post-image\" alt=\"\" style=\"max-width:300px;max-height:300px;\" srcset=\"https:\/\/handball-hagenbach.de\/wp-content\/uploads\/2024\/04\/image-300x188.png 300w, https:\/\/handball-hagenbach.de\/wp-content\/uploads\/2024\/04\/image-768x480.png 768w, https:\/\/handball-hagenbach.de\/wp-content\/uploads\/2024\/04\/image.png 945w\" sizes=\"auto, (max-width: 300px) 100vw, 300px\" \/><\/div><a class=\"wp-block-latest-posts__post-title\" href=\"https:\/\/handball-hagenbach.de\/?p=192\">Wir sind mit dabei!<\/a><time datetime=\"\" class=\"wp-block-latest-posts__post-date\"><\/time><div class=\"wp-block-latest-posts__post-excerpt\">Die F-Jugend sind als Einlaufkids mit am Start. Handball-Europameisterschaft der Geh\u00f6rlosen in Frankenthal 05. bis 11. Mai 2024 Was f\u00fcr ein gro\u00dfartiges Highlight! Vom&nbsp;05.05. bis 11.05.2024&nbsp;wird Frankenthal Gastgeber der&nbsp;Handball-Europameisterschaft der Geh\u00f6rlosen&nbsp;sein.Die Spiele finden in der Sporthalle am Kanal in Frankenthal (Kanal 4, 67227 Frankenthal) statt.<\/div><\/li>\n<li><div class=\"wp-block-latest-posts__featured-image\"><img loading=\"lazy\" decoding=\"async\" width=\"157\" height=\"212\" src=\"https:\/\/handball-hagenbach.de\/wp-content\/uploads\/2024\/03\/image-4.png\" class=\"attachment-medium size-medium wp-post-image\" alt=\"\" style=\"max-width:300px;max-height:300px;\" \/><\/div><a class=\"wp-block-latest-posts__post-title\" href=\"https:\/\/handball-hagenbach.de\/?p=179\">1.Ball-Olympiade f\u00fcr Jung und Alt<\/a><time datetime=\"\" class=\"wp-block-latest-posts__post-date\"><\/time><div class=\"wp-block-latest-posts__post-excerpt\">1.Ball-Olympiade f\u00fcr Jung und Alt<\/div><\/li>\n<li><div class=\"wp-block-latest-posts__featured-image\"><img loading=\"lazy\" decoding=\"async\" width=\"225\" height=\"300\" src=\"https:\/\/handball-hagenbach.de\/wp-content\/uploads\/2023\/10\/1698562340724-225x300.jpg\" class=\"attachment-medium size-medium wp-post-image\" alt=\"\" style=\"max-width:300px;max-height:300px;\" srcset=\"https:\/\/handball-hagenbach.de\/wp-content\/uploads\/2023\/10\/1698562340724-225x300.jpg 225w, https:\/\/handball-hagenbach.de\/wp-content\/uploads\/2023\/10\/1698562340724.jpg 768w\" sizes=\"auto, (max-width: 225px) 100vw, 225px\" \/><\/div><a class=\"wp-block-latest-posts__post-title\" href=\"https:\/\/handball-hagenbach.de\/?p=174\">Handball-Kinder starten bei er h\u00e4rtesten Meile in Hatzenb\u00fchl<\/a><time datetime=\"\" class=\"wp-block-latest-posts__post-date\"><\/time><div class=\"wp-block-latest-posts__post-excerpt\">Am 28.10.2023 starteten 27 unserer J\u00fcngsten bei der H\u00e4rtesten Meile in Hatzenb\u00fchl.<\/div><\/li>\n<li><div class=\"wp-block-latest-posts__featured-image\"><img loading=\"lazy\" decoding=\"async\" width=\"300\" height=\"192\" src=\"https:\/\/handball-hagenbach.de\/wp-content\/uploads\/2023\/10\/Download-300x192.png\" class=\"attachment-medium size-medium wp-post-image\" alt=\"\" style=\"max-width:300px;max-height:300px;\" srcset=\"https:\/\/handball-hagenbach.de\/wp-content\/uploads\/2023\/10\/Download-300x192.png 300w, https:\/\/handball-hagenbach.de\/wp-content\/uploads\/2023\/10\/Download.png 700w\" sizes=\"auto, (max-width: 300px) 100vw, 300px\" \/><\/div><a class=\"wp-block-latest-posts__post-title\" href=\"https:\/\/handball-hagenbach.de\/?p=139\">Handball im TSV boomt! (Update)<\/a><time datetime=\"\" class=\"wp-block-latest-posts__post-date\"><\/time><div class=\"wp-block-latest-posts__post-excerpt\">\u00dcber 200 Kinder und Jugendliche werden inzwischen von sagenhaften 40 (!!!) ehrenamtlichen TrainerInnen in unseren Hallen betreut.<\/div><\/li>\n<li><div class=\"wp-block-latest-posts__featured-image\"><img loading=\"lazy\" decoding=\"async\" width=\"300\" height=\"135\" src=\"https:\/\/handball-hagenbach.de\/wp-content\/uploads\/2023\/10\/thumbnail_1696829246938-1-1-300x135.jpg\" class=\"attachment-medium size-medium wp-post-image\" alt=\"\" style=\"max-width:300px;max-height:300px;\" srcset=\"https:\/\/handball-hagenbach.de\/wp-content\/uploads\/2023\/10\/thumbnail_1696829246938-1-1-300x135.jpg 300w, https:\/\/handball-hagenbach.de\/wp-content\/uploads\/2023\/10\/thumbnail_1696829246938-1-1-768x345.jpg 768w, https:\/\/handball-hagenbach.de\/wp-content\/uploads\/2023\/10\/thumbnail_1696829246938-1-1-1024x460.jpg 1024w, https:\/\/handball-hagenbach.de\/wp-content\/uploads\/2023\/10\/thumbnail_1696829246938-1-1-1536x690.jpg 1536w, https:\/\/handball-hagenbach.de\/wp-content\/uploads\/2023\/10\/thumbnail_1696829246938-1-1.jpg 1920w\" sizes=\"auto, (max-width: 300px) 100vw, 300px\" \/><\/div><a class=\"wp-block-latest-posts__post-title\" href=\"https:\/\/handball-hagenbach.de\/?p=136\">Die Handball-Kids von Hagenbach laufen die h\u00e4rteste Meile von Hatzenb\u00fchl f\u00fcr Raphael<\/a><time datetime=\"\" class=\"wp-block-latest-posts__post-date\"><\/time><div class=\"wp-block-latest-posts__post-excerpt\">Raphael hat eine noch unklare neuromuskul\u00e4re Grunderkrankung. Diese schw\u00e4cht ihn so sehr, dass er nicht ohne Unterst\u00fctzung atmen kann. Seine Eltern ben\u00f6tigen den Bus dringend, da sie sonst nur an ihr Haus gebunden sind und keine M\u00f6glichkeit haben, mit Raphael die Familie zu besuchen oder auch mit ihm am sozialen Leben teilzunehmen. Hier sind die\u2026\u00a0<a class=\"wp-block-latest-posts__read-more\" href=\"https:\/\/handball-hagenbach.de\/?p=136\" rel=\"noopener noreferrer\"><span class=\"screen-reader-text\">Die Handball-Kids von Hagenbach laufen die h\u00e4rteste Meile von Hatzenb\u00fchl f\u00fcr Raphael <\/span>weiterlesen<\/a><\/div><\/li>\n<li><div class=\"wp-block-latest-posts__featured-image\"><img loading=\"lazy\" decoding=\"async\" width=\"135\" height=\"300\" src=\"https:\/\/handball-hagenbach.de\/wp-content\/uploads\/2023\/10\/PHOTO-2023-06-17-08-07-32-135x300.jpg\" class=\"attachment-medium size-medium wp-post-image\" alt=\"\" style=\"max-width:300px;max-height:300px;\" srcset=\"https:\/\/handball-hagenbach.de\/wp-content\/uploads\/2023\/10\/PHOTO-2023-06-17-08-07-32-135x300.jpg 135w, https:\/\/handball-hagenbach.de\/wp-content\/uploads\/2023\/10\/PHOTO-2023-06-17-08-07-32-461x1024.jpg 461w, https:\/\/handball-hagenbach.de\/wp-content\/uploads\/2023\/10\/PHOTO-2023-06-17-08-07-32-691x1536.jpg 691w, https:\/\/handball-hagenbach.de\/wp-content\/uploads\/2023\/10\/PHOTO-2023-06-17-08-07-32.jpg 720w\" sizes=\"auto, (max-width: 135px) 100vw, 135px\" \/><\/div><a class=\"wp-block-latest-posts__post-title\" href=\"https:\/\/handball-hagenbach.de\/?p=131\">Die Mythen und Sagen von Hagenbach zum Leben erweckt<\/a><time datetime=\"\" class=\"wp-block-latest-posts__post-date\"><\/time><div class=\"wp-block-latest-posts__post-excerpt\"><\/div><\/li>\n<li><div class=\"wp-block-latest-posts__featured-image\"><img loading=\"lazy\" decoding=\"async\" width=\"246\" height=\"205\" src=\"https:\/\/handball-hagenbach.de\/wp-content\/uploads\/2023\/09\/thumbnail_image001.jpg\" class=\"attachment-medium size-medium wp-post-image\" alt=\"\" style=\"max-width:300px;max-height:300px;\" \/><\/div><a class=\"wp-block-latest-posts__post-title\" href=\"https:\/\/handball-hagenbach.de\/?p=123\">Handball Kinder wissen mehr<\/a><time datetime=\"\" class=\"wp-block-latest-posts__post-date\"><\/time><div class=\"wp-block-latest-posts__post-excerpt\">Am 14.09.2023 findet wieder ein Erste-Hilfe-Kurs f\u00fcr unsere Minis und F-Jugend statt. Menschen zu helfen ist eine wichtige Sache! Und Keiner ist zu klein, um helfen zu k\u00f6nnen. Gerade Kinder, h\u00e4ufig selbst auf Erste Hilfe angewiesen, lernen sehr schnell worauf es ankommt. Wenn sie in der Lage sind anderen zu helfen, erf\u00fcllt sie das mit\u2026\u00a0<a class=\"wp-block-latest-posts__read-more\" href=\"https:\/\/handball-hagenbach.de\/?p=123\" rel=\"noopener noreferrer\"><span class=\"screen-reader-text\">Handball Kinder wissen mehr <\/span>weiterlesen<\/a><\/div><\/li>\n<li><div class=\"wp-block-latest-posts__featured-image\"><img loading=\"lazy\" decoding=\"async\" width=\"160\" height=\"56\" src=\"https:\/\/handball-hagenbach.de\/wp-content\/uploads\/2023\/03\/playthefuture23_mini-wm_logo.jpg\" class=\"attachment-medium size-medium wp-post-image\" alt=\"\" style=\"max-width:300px;max-height:300px;\" \/><\/div><a class=\"wp-block-latest-posts__post-title\" href=\"https:\/\/handball-hagenbach.de\/?p=92\">Bundesweite Mini-Weltmeisterschaft 2023<\/a><time datetime=\"\" class=\"wp-block-latest-posts__post-date\"><\/time><div class=\"wp-block-latest-posts__post-excerpt\">Play the Future!Unter diesem Motto findet vom 20. Juni bis 02. Juli 2023 die offizielle IHF Men\u2018s U21 Handball-Weltmeisterschaft in Deutschland und Griechenland statt. Ein wichtiger Meilenstein f\u00fcr den Handballnachwuchs im Rahmen des Jahrzehnt des Handballs. Im Vorfeld des Turniers sollen die Stars von morgen im Fokus stehen. Dazu richtet der Pf\u00e4lzer Handball-Verband gemeinsam mit\u2026\u00a0<a class=\"wp-block-latest-posts__read-more\" href=\"https:\/\/handball-hagenbach.de\/?p=92\" rel=\"noopener noreferrer\"><span class=\"screen-reader-text\">Bundesweite Mini-Weltmeisterschaft 2023 <\/span>weiterlesen<\/a><\/div><\/li>\n<\/ul>","protected":false},"excerpt":{"rendered":"","protected":false},"author":1,"featured_media":0,"parent":0,"menu_order":0,"comment_status":"closed","ping_status":"closed","template":"","meta":{"footnotes":""},"class_list":["post-25","page","type-page","status-publish","hentry"],"_links":{"self":[{"href":"https:\/\/handball-hagenbach.de\/index.php?rest_route=\/wp\/v2\/pages\/25","targetHints":{"allow":["GET"]}}],"collection":[{"href":"https:\/\/handball-hagenbach.de\/index.php?rest_route=\/wp\/v2\/pages"}],"about":[{"href":"https:\/\/handball-hagenbach.de\/index.php?rest_route=\/wp\/v2\/types\/page"}],"author":[{"embeddable":true,"href":"https:\/\/handball-hagenbach.de\/index.php?rest_route=\/wp\/v2\/users\/1"}],"replies":[{"embeddable":true,"href":"https:\/\/handball-hagenbach.de\/index.php?rest_route=%2Fwp%2Fv2%2Fcomments&post=25"}],"version-history":[{"count":0,"href":"https:\/\/handball-hagenbach.de\/index.php?rest_route=\/wp\/v2\/pages\/25\/revisions"}],"wp:attachment":[{"href":"https:\/\/handball-hagenbach.de\/index.php?rest_route=%2Fwp%2Fv2%2Fmedia&parent=25"}],"curies":[{"name":"wp","href":"https:\/\/api.w.org\/{rel}","templated":true}]}}